{"id":3,"date":"2025-04-14T18:54:19","date_gmt":"2025-04-14T16:54:19","guid":{"rendered":"http:\/\/penverneimmo.fr\/?page_id=3"},"modified":"2025-12-18T11:01:48","modified_gmt":"2025-12-18T10:01:48","slug":"mentions-legales","status":"publish","type":"page","link":"https:\/\/penverneimmo.fr\/index.php\/mentions-legales\/","title":{"rendered":"Mentions L\u00e9gales"},"content":{"rendered":"\t\t<div data-elementor-type=\"wp-page\" data-elementor-id=\"3\" class=\"elementor elementor-3\">\n\t\t\t\t<div class=\"elementor-element elementor-element-fecc75d e-flex e-con-boxed e-con e-parent\" data-id=\"fecc75d\" data-element_type=\"container\" data-e-type=\"container\" data-settings=\"{&quot;shape_divider_bottom&quot;:&quot;opacity-tilt&quot;,&quot;background_background&quot;:&quot;classic&quot;}\">\n\t\t\t\t\t<div class=\"e-con-inner\">\n\t\t\t\t<div class=\"elementor-shape elementor-shape-bottom\" aria-hidden=\"true\" data-negative=\"false\">\n\t\t\t<svg xmlns=\"http:\/\/www.w3.org\/2000\/svg\" viewBox=\"0 0 2600 131.1\" preserveAspectRatio=\"none\">\n\t<path class=\"elementor-shape-fill\" d=\"M0 0L2600 0 2600 69.1 0 0z\"\/>\n\t<path class=\"elementor-shape-fill\" style=\"opacity:0.5\" d=\"M0 0L2600 0 2600 69.1 0 69.1z\"\/>\n\t<path class=\"elementor-shape-fill\" style=\"opacity:0.25\" d=\"M2600 0L0 0 0 130.1 2600 69.1z\"\/>\n<\/svg>\t\t<\/div>\n\t\t\t\t<div class=\"elementor-element elementor-element-0ca6c2f elementor-widget elementor-widget-heading\" data-id=\"0ca6c2f\" data-element_type=\"widget\" data-e-type=\"widget\" data-widget_type=\"heading.default\">\n\t\t\t\t<div class=\"elementor-widget-container\">\n\t\t\t\t\t<h1 class=\"elementor-heading-title elementor-size-default\">Mentions L\u00e9gales<\/h1>\t\t\t\t<\/div>\n\t\t\t\t<\/div>\n\t\t\t\t\t<\/div>\n\t\t\t\t<\/div>\n\t\t<div class=\"elementor-element elementor-element-5ec6e378 e-flex e-con-boxed e-con e-parent\" data-id=\"5ec6e378\" data-element_type=\"container\" data-e-type=\"container\" data-settings=\"{&quot;background_background&quot;:&quot;classic&quot;}\">\n\t\t\t\t\t<div class=\"e-con-inner\">\n\t\t\t\t<div class=\"elementor-element elementor-element-5e772b9d elementor-widget elementor-widget-text-editor\" data-id=\"5e772b9d\" data-element_type=\"widget\" data-e-type=\"widget\" data-widget_type=\"text-editor.default\">\n\t\t\t\t<div class=\"elementor-widget-container\">\n\t\t\t\t\t\t\t\t\t<p><\/p>\n<h2 class=\"wp-block-heading\"><span id=\"lwptoc20\">1 &#8211; \u00c9dition du site<\/span><\/h2>\n<p>En vertu de <a href=\"https:\/\/www.legifrance.gouv.fr\/affichTexte.do?cidTexte=JORFTEXT000000801164#LEGIARTI000042038977\" target=\"_blank\" rel=\"noreferrer noopener\">l&#8217;article 6 de la loi n\u00b0 2004-575 du 21 juin 2004<\/a> pour la confiance dans l&#8217;\u00e9conomie num\u00e9rique, il est pr\u00e9cis\u00e9 aux utilisateurs du site internet <strong><span class=\"ff_dynamic_value\" data-ref=\"url\" data-fallback=\"\">penverneimmo.fr<\/span><\/strong> l&#8217;identit\u00e9 des diff\u00e9rents intervenants dans le cadre de sa r\u00e9alisation et de son suivi :<\/p>\n<p><strong>Propri\u00e9taire du site : <\/strong><span class=\"ff_dynamic_value\" data-ref=\"nom_proprietaire\" data-fallback=\"\">Robbin Penverne-Syed\u00a0<\/span><\/p>\n<p><strong>Contact :<\/strong> <span class=\"ff_dynamic_value\" data-ref=\"e_mail_contact\" data-fallback=\"\">robbin@penverneimmo.fr<\/span> <span class=\"ff_dynamic_value\" data-ref=\"telephone\" data-fallback=\"\">06 19 48 47 63<\/span><\/p>\n<p><strong>Adresse : <\/strong><span class=\"ff_dynamic_value\" data-ref=\"adresse_postale\" data-fallback=\"\">30 bis rue du G\u00e9n\u00e9ral Gallieni 78230 LE PECQ<\/span>.<\/p>\n<p><strong>Identification de l&#8217;entreprise :<\/strong>\u00a0SAS PENVERNE IMMOBILIER\u00a0au capital social de 5.000\u20ac &#8211;\u00a0RCS de Lorient 943 806 299<\/p>\n<p><span style=\"letter-spacing: 0.2px;\"><b>Adresse du si\u00e8ge : 8 Kerbeban 56850 Caudan<\/b><\/span><\/p>\n<p><strong style=\"letter-spacing: 0.2px;\">Adresse du Bureau secondaire : 30 Bis Rue du G\u00e9n\u00e9ral Gallieni 78230 Le Pecq\u00a0<\/strong><\/p>\n<p><strong style=\"letter-spacing: 0.2px;\">Directeur de la publication : <\/strong><span class=\"ff_dynamic_value\" style=\"letter-spacing: 0.2px;\" data-ref=\"directeur_publication\" data-fallback=\"\">Robbin Penverne-Syed<\/span><\/p>\n<p><strong>H\u00e9bergeur :<\/strong> <span class=\"ff_dynamic_value\" data-ref=\"hebergeur\" data-fallback=\"\">OVH SAS &#8211; 2 rue Kellermann &#8211; BP 80157 &#8211; 59053 Roubaix Cedex 1 &#8211; T\u00e9l\u00e9phone : 1007<\/span><\/p>\n<p><span class=\"ff_dynamic_value\" data-ref=\"hebergeur\" data-fallback=\"\">\u00a0<\/span><\/p>\n<p>\u00a0<\/p>\n<h2><span id=\"lwptoc21\">2 &#8211; Propri\u00e9t\u00e9 intellectuelle et contrefa\u00e7ons.<\/span><\/h2>\n<p><strong><span class=\"ff_dynamic_value\" data-ref=\"nom_proprietaire\" data-fallback=\"\">Robbin PENVERNE-SYED<\/span><\/strong>\u00a0est propri\u00e9taire des droits de propri\u00e9t\u00e9 intellectuelle et d\u00e9tient les droits d\u2019usage sur tous les \u00e9l\u00e9ments accessibles sur le site internet, notamment les textes, images, graphismes, logos, vid\u00e9os, architecture, ic\u00f4nes et sons.<\/p>\n<p>Toute reproduction, repr\u00e9sentation, modification, publication, adaptation de tout ou partie des \u00e9l\u00e9ments du site, quel que soit le moyen ou le proc\u00e9d\u00e9 utilis\u00e9, est interdite, sauf autorisation \u00e9crite pr\u00e9alable de <strong><span class=\"ff_dynamic_value\" data-ref=\"nom_proprietaire\" data-fallback=\"\">Robbin PENVERNE-SYED<\/span><\/strong>.<\/p>\n<p>Toute exploitation non autoris\u00e9e du site ou de l\u2019un quelconque des \u00e9l\u00e9ments qu\u2019il contient sera consid\u00e9r\u00e9e comme constitutive d\u2019une contrefa\u00e7on et poursuivie conform\u00e9ment aux dispositions des articles <a href=\"https:\/\/www.legifrance.gouv.fr\/affichCodeArticle.do?idArticle=LEGIARTI000032655082&amp;cidTexte=LEGITEXT000006069414&amp;dateTexte=20160605\" target=\"_blank\" rel=\"noreferrer nofollow noopener\">L.335-2 et suivants du Code de Propri\u00e9t\u00e9 Intellectuelle<\/a>.<\/p>\n<p>\u00a0<\/p>\n<p>\u00a0<\/p>\n<h2><span id=\"lwptoc22\">3 &#8211; Limitations de responsabilit\u00e9.<\/span><\/h2>\n<p><strong><span class=\"ff_dynamic_value\" data-ref=\"nom_proprietaire\" data-fallback=\"\">Robbin PENVERNE-SYED<\/span><\/strong> ne pourra \u00eatre tenu pour responsable des dommages directs et indirects caus\u00e9s au mat\u00e9riel de l\u2019utilisateur, lors de l\u2019acc\u00e8s au site <strong><span class=\"ff_dynamic_value\" data-ref=\"url\" data-fallback=\"\">penverneimmo.fr<\/span><\/strong>.<\/p>\n<p><strong><span class=\"ff_dynamic_value\" data-ref=\"nom_proprietaire\" data-fallback=\"\">Robbin PENVERNE-SYED<\/span><\/strong> d\u00e9cline toute responsabilit\u00e9 quant \u00e0 l\u2019utilisation qui pourrait \u00eatre faite des informations et contenus pr\u00e9sents sur <strong><span class=\"ff_dynamic_value\" data-ref=\"url\" data-fallback=\"\">penverneimmo.fr<\/span><\/strong>.<\/p>\n<p><strong><span class=\"ff_dynamic_value\" data-ref=\"nom_proprietaire\" data-fallback=\"\">Robbin PENVERNE-SYED<\/span><\/strong> s\u2019engage \u00e0 s\u00e9curiser au mieux le site <strong><span class=\"ff_dynamic_value\" data-ref=\"url\" data-fallback=\"\">penverneimmo.fr<\/span><\/strong>, cependant sa responsabilit\u00e9 ne pourra \u00eatre mise en cause si des donn\u00e9es ind\u00e9sirables sont import\u00e9es et install\u00e9es sur son site \u00e0 son insu.<\/p>\n<p>Des espaces interactifs (espace contact ou commentaires) sont \u00e0 la disposition des utilisateurs. <strong><span class=\"ff_dynamic_value\" data-ref=\"nom_proprietaire\" data-fallback=\"\">Robbin PENVERNE-SYED<\/span><\/strong> se r\u00e9serve le droit de supprimer, sans mise en demeure pr\u00e9alable, tout contenu d\u00e9pos\u00e9 dans cet espace qui contreviendrait \u00e0 la l\u00e9gislation applicable en France, en particulier aux dispositions relatives \u00e0 la protection des donn\u00e9es.<\/p>\n<p>Le cas \u00e9ch\u00e9ant, <strong><span class=\"ff_dynamic_value\" data-ref=\"nom_proprietaire\" data-fallback=\"\">Robbin PENVERNE-SYED<\/span><\/strong> se r\u00e9serve \u00e9galement la possibilit\u00e9 de mettre en cause la responsabilit\u00e9 civile et\/ou p\u00e9nale de l\u2019utilisateur, notamment en cas de message \u00e0 caract\u00e8re raciste, injurieux, diffamant, ou pornographique, quel que soit le support utilis\u00e9 (texte, photographie \u2026).<\/p>\n<p>\u00a0<\/p>\n<p>\u00a0<\/p>\n<h2><span id=\"lwptoc23\">4 &#8211; CNIL et gestion des donn\u00e9es personnelles.<\/span><\/h2>\n<p>Conform\u00e9ment aux dispositions de <a href=\"https:\/\/www.legifrance.gouv.fr\/affichTexte.do?cidTexte=JORFTEXT000000886460\" target=\"_blank\" rel=\"noreferrer nofollow noopener\">la loi 78-17 du 6 janvier 1978 modifi\u00e9e<\/a>, l\u2019utilisateur du site <strong><span class=\"ff_dynamic_value\" data-ref=\"url\" data-fallback=\"\">penverneimmo.fr<\/span><\/strong> dispose d\u2019un droit d\u2019acc\u00e8s, de modification et de suppression des informations collect\u00e9es.<\/p>\n<p>Pour plus d&#8217;informations sur la fa\u00e7on dont nous traitons vos donn\u00e9es (type de donn\u00e9es, finalit\u00e9, destinataire&#8230;), lisez notre <strong><span class=\"ff_dynamic_value\" data-ref=\"politique_confidentialite\" data-fallback=\"\">https:\/\/www.cnil.fr\/fr\/cookies-et-autres-traceurs\/que-dit-la-loi<\/span><\/strong>.<\/p>\n<p>\u00a0<\/p>\n<p>\u00a0<\/p>\n<h2><span id=\"lwptoc24\">5 &#8211; Liens hypertextes et cookies<\/span><\/h2>\n<p>Le site <strong><span class=\"ff_dynamic_value\" data-ref=\"url\" data-fallback=\"\">penverneimmo.fr<\/span><\/strong> contient des liens hypertextes vers d\u2019autres sites et d\u00e9gage toute responsabilit\u00e9 \u00e0 propos de ces liens externes ou des liens cr\u00e9\u00e9s par d\u2019autres sites vers <strong><span class=\"ff_dynamic_value\" data-ref=\"url\" data-fallback=\"\">penverneimmo.fr<\/span><\/strong>.<\/p>\n<p>La navigation sur le site <strong><span class=\"ff_dynamic_value\" data-ref=\"url\" data-fallback=\"\">penverneimmo.fr<\/span><\/strong> est susceptible de provoquer l\u2019installation de cookie(s) sur l\u2019ordinateur de l\u2019utilisateur.<\/p>\n<p>Un &#8220;cookie&#8221; est un fichier de petite taille qui enregistre des informations relatives \u00e0 la navigation d\u2019un utilisateur sur un site. Les donn\u00e9es ainsi obtenues permettent d&#8217;obtenir des mesures de fr\u00e9quentation, par exemple.<\/p>\n<p>Vous avez la possibilit\u00e9 <strong>d\u2019accepter ou de refuser les cookies<\/strong> en modifiant les param\u00e8tres de votre navigateur. Aucun cookie ne sera d\u00e9pos\u00e9 sans votre consentement.<\/p>\n<p>Les cookies sont enregistr\u00e9s pour une dur\u00e9e maximale de mois.<\/p>\n<p>Pour plus d&#8217;informations sur la fa\u00e7on dont nous faisons usage des cookies, lisez notre <strong><span class=\"ff_dynamic_value\" data-ref=\"politique_confidentialite\" data-fallback=\"\">https:\/\/www.cnil.fr\/fr\/cookies-et-autres-traceurs\/que-dit-la-loi<\/span><\/strong>.<\/p>\n<p>\u00a0<\/p>\n<p>\u00a0<\/p>\n<h2><span id=\"lwptoc25\">6 &#8211; Droit applicable et attribution de juridiction.<\/span><\/h2>\n<p>Tout litige en relation avec l\u2019utilisation du site <strong><span class=\"ff_dynamic_value\" data-ref=\"url\" data-fallback=\"\">penverneimmo.fr<\/span><\/strong> est soumis au droit fran\u00e7ais. En dehors des cas o\u00f9 la loi ne le permet pas, il est fait attribution exclusive de juridiction aux tribunaux comp\u00e9tents.<\/p>\t\t\t\t\t\t\t\t<\/div>\n\t\t\t\t<\/div>\n\t\t\t\t\t<\/div>\n\t\t\t\t<\/div>\n\t\t\t\t<\/div>\n\t\t","protected":false},"excerpt":{"rendered":"<p>Mentions L\u00e9gales 1 &#8211; \u00c9dition du site En vertu de l&#8217;article 6 de la loi n\u00b0 2004-575 du 21 juin 2004 pour la confiance dans l&#8217;\u00e9conomie num\u00e9rique, il est pr\u00e9cis\u00e9 aux utilisateurs du site internet penverneimmo.fr l&#8217;identit\u00e9 des diff\u00e9rents intervenants dans le cadre de sa r\u00e9alisation et de son suivi : Propri\u00e9taire du site :&hellip;&nbsp;<a href=\"https:\/\/penverneimmo.fr\/index.php\/mentions-legales\/\" rel=\"bookmark\"><span class=\"screen-reader-text\">Mentions L\u00e9gales<\/span><\/a><\/p>\n","protected":false},"author":1,"featured_media":0,"parent":0,"menu_order":0,"comment_status":"closed","ping_status":"closed","template":"page-templates\/template-pagebuilder-full-width.php","meta":{"neve_meta_sidebar":"","neve_meta_container":"","neve_meta_enable_content_width":"","neve_meta_content_width":0,"neve_meta_title_alignment":"","neve_meta_author_avatar":"","neve_post_elements_order":"","neve_meta_disable_header":"","neve_meta_disable_footer":"","neve_meta_disable_title":"","_themeisle_gutenberg_block_has_review":false,"footnotes":""},"class_list":["post-3","page","type-page","status-publish","hentry"],"yoast_head":"<!-- This site is optimized with the Yoast SEO plugin v27.3 - https:\/\/yoast.com\/product\/yoast-seo-wordpress\/ -->\n<title>Mentions L\u00e9gales | Penverne Immobilier<\/title>\n<meta name=\"description\" content=\"PENVERNE IMMOBILIER est une agence ind\u00e9pendante sp\u00e9cialis\u00e9e dans plusieurs domaines, situ\u00e9e au Pecq dans les Yvelines (78230). Nous proposons un accompagnement sur-mesure avec un interlocuteur unique du d\u00e9but \u00e0 la fin pour un suivi personnalis\u00e9 et rigoureux, fond\u00e9 sur la proximit\u00e9, la transparence et la qualit\u00e9 de service.\" \/>\n<meta name=\"robots\" content=\"index, follow, max-snippet:-1, max-image-preview:large, max-video-preview:-1\" \/>\n<link rel=\"canonical\" href=\"https:\/\/penverneimmo.fr\/index.php\/mentions-legales\/\" \/>\n<meta property=\"og:locale\" content=\"fr_FR\" \/>\n<meta property=\"og:type\" content=\"article\" \/>\n<meta property=\"og:title\" content=\"Mentions L\u00e9gales | Penverne Immobilier\" \/>\n<meta property=\"og:description\" content=\"PENVERNE IMMOBILIER est une agence ind\u00e9pendante sp\u00e9cialis\u00e9e dans plusieurs domaines, situ\u00e9e au Pecq dans les Yvelines (78230). Nous proposons un accompagnement sur-mesure avec un interlocuteur unique du d\u00e9but \u00e0 la fin pour un suivi personnalis\u00e9 et rigoureux, fond\u00e9 sur la proximit\u00e9, la transparence et la qualit\u00e9 de service.\" \/>\n<meta property=\"og:url\" content=\"https:\/\/penverneimmo.fr\/index.php\/mentions-legales\/\" \/>\n<meta property=\"og:site_name\" content=\"Penverne Immobilier\" \/>\n<meta property=\"article:modified_time\" content=\"2025-12-18T10:01:48+00:00\" \/>\n<meta property=\"og:image\" content=\"https:\/\/penverneimmo.fr\/wp-content\/uploads\/2025\/05\/Logo_Penverne_Immobilier.webp\" \/>\n\t<meta property=\"og:image:width\" content=\"1800\" \/>\n\t<meta property=\"og:image:height\" content=\"341\" \/>\n\t<meta property=\"og:image:type\" content=\"image\/webp\" \/>\n<meta name=\"twitter:card\" content=\"summary_large_image\" \/>\n<meta name=\"twitter:label1\" content=\"Dur\u00e9e de lecture estim\u00e9e\" \/>\n\t<meta name=\"twitter:data1\" content=\"4 minutes\" \/>\n<script type=\"application\/ld+json\" class=\"yoast-schema-graph\">{\"@context\":\"https:\\\/\\\/schema.org\",\"@graph\":[{\"@type\":\"WebPage\",\"@id\":\"https:\\\/\\\/penverneimmo.fr\\\/index.php\\\/mentions-legales\\\/\",\"url\":\"https:\\\/\\\/penverneimmo.fr\\\/index.php\\\/mentions-legales\\\/\",\"name\":\"Mentions L\u00e9gales | Penverne Immobilier\",\"isPartOf\":{\"@id\":\"https:\\\/\\\/penverneimmo.fr\\\/#website\"},\"datePublished\":\"2025-04-14T16:54:19+00:00\",\"dateModified\":\"2025-12-18T10:01:48+00:00\",\"description\":\"PENVERNE IMMOBILIER est une agence ind\u00e9pendante sp\u00e9cialis\u00e9e dans plusieurs domaines, situ\u00e9e au Pecq dans les Yvelines (78230). Nous proposons un accompagnement sur-mesure avec un interlocuteur unique du d\u00e9but \u00e0 la fin pour un suivi personnalis\u00e9 et rigoureux, fond\u00e9 sur la proximit\u00e9, la transparence et la qualit\u00e9 de service.\",\"breadcrumb\":{\"@id\":\"https:\\\/\\\/penverneimmo.fr\\\/index.php\\\/mentions-legales\\\/#breadcrumb\"},\"inLanguage\":\"fr-FR\",\"potentialAction\":[{\"@type\":\"ReadAction\",\"target\":[\"https:\\\/\\\/penverneimmo.fr\\\/index.php\\\/mentions-legales\\\/\"]}]},{\"@type\":\"BreadcrumbList\",\"@id\":\"https:\\\/\\\/penverneimmo.fr\\\/index.php\\\/mentions-legales\\\/#breadcrumb\",\"itemListElement\":[{\"@type\":\"ListItem\",\"position\":1,\"name\":\"Accueil\",\"item\":\"https:\\\/\\\/penverneimmo.fr\\\/\"},{\"@type\":\"ListItem\",\"position\":2,\"name\":\"Mentions L\u00e9gales\"}]},{\"@type\":\"WebSite\",\"@id\":\"https:\\\/\\\/penverneimmo.fr\\\/#website\",\"url\":\"https:\\\/\\\/penverneimmo.fr\\\/\",\"name\":\"Penverne Immobilier\",\"description\":\"L&#039;expertise d&#039;un accompagnement sur mesure\",\"publisher\":{\"@id\":\"https:\\\/\\\/penverneimmo.fr\\\/#organization\"},\"potentialAction\":[{\"@type\":\"SearchAction\",\"target\":{\"@type\":\"EntryPoint\",\"urlTemplate\":\"https:\\\/\\\/penverneimmo.fr\\\/?s={search_term_string}\"},\"query-input\":{\"@type\":\"PropertyValueSpecification\",\"valueRequired\":true,\"valueName\":\"search_term_string\"}}],\"inLanguage\":\"fr-FR\"},{\"@type\":\"Organization\",\"@id\":\"https:\\\/\\\/penverneimmo.fr\\\/#organization\",\"name\":\"Penverne Immobilier\",\"url\":\"https:\\\/\\\/penverneimmo.fr\\\/\",\"logo\":{\"@type\":\"ImageObject\",\"inLanguage\":\"fr-FR\",\"@id\":\"https:\\\/\\\/penverneimmo.fr\\\/#\\\/schema\\\/logo\\\/image\\\/\",\"url\":\"https:\\\/\\\/penverneimmo.fr\\\/wp-content\\\/uploads\\\/2025\\\/05\\\/Logo_Penverne_Immobilier.webp\",\"contentUrl\":\"https:\\\/\\\/penverneimmo.fr\\\/wp-content\\\/uploads\\\/2025\\\/05\\\/Logo_Penverne_Immobilier.webp\",\"width\":1800,\"height\":341,\"caption\":\"Penverne Immobilier\"},\"image\":{\"@id\":\"https:\\\/\\\/penverneimmo.fr\\\/#\\\/schema\\\/logo\\\/image\\\/\"}}]}<\/script>\n<!-- \/ Yoast SEO plugin. -->","yoast_head_json":{"title":"Mentions L\u00e9gales | Penverne Immobilier","description":"PENVERNE IMMOBILIER est une agence ind\u00e9pendante sp\u00e9cialis\u00e9e dans plusieurs domaines, situ\u00e9e au Pecq dans les Yvelines (78230). Nous proposons un accompagnement sur-mesure avec un interlocuteur unique du d\u00e9but \u00e0 la fin pour un suivi personnalis\u00e9 et rigoureux, fond\u00e9 sur la proximit\u00e9, la transparence et la qualit\u00e9 de service.","robots":{"index":"index","follow":"follow","max-snippet":"max-snippet:-1","max-image-preview":"max-image-preview:large","max-video-preview":"max-video-preview:-1"},"canonical":"https:\/\/penverneimmo.fr\/index.php\/mentions-legales\/","og_locale":"fr_FR","og_type":"article","og_title":"Mentions L\u00e9gales | Penverne Immobilier","og_description":"PENVERNE IMMOBILIER est une agence ind\u00e9pendante sp\u00e9cialis\u00e9e dans plusieurs domaines, situ\u00e9e au Pecq dans les Yvelines (78230). Nous proposons un accompagnement sur-mesure avec un interlocuteur unique du d\u00e9but \u00e0 la fin pour un suivi personnalis\u00e9 et rigoureux, fond\u00e9 sur la proximit\u00e9, la transparence et la qualit\u00e9 de service.","og_url":"https:\/\/penverneimmo.fr\/index.php\/mentions-legales\/","og_site_name":"Penverne Immobilier","article_modified_time":"2025-12-18T10:01:48+00:00","og_image":[{"width":1800,"height":341,"url":"https:\/\/penverneimmo.fr\/wp-content\/uploads\/2025\/05\/Logo_Penverne_Immobilier.webp","type":"image\/webp"}],"twitter_card":"summary_large_image","twitter_misc":{"Dur\u00e9e de lecture estim\u00e9e":"4 minutes"},"schema":{"@context":"https:\/\/schema.org","@graph":[{"@type":"WebPage","@id":"https:\/\/penverneimmo.fr\/index.php\/mentions-legales\/","url":"https:\/\/penverneimmo.fr\/index.php\/mentions-legales\/","name":"Mentions L\u00e9gales | Penverne Immobilier","isPartOf":{"@id":"https:\/\/penverneimmo.fr\/#website"},"datePublished":"2025-04-14T16:54:19+00:00","dateModified":"2025-12-18T10:01:48+00:00","description":"PENVERNE IMMOBILIER est une agence ind\u00e9pendante sp\u00e9cialis\u00e9e dans plusieurs domaines, situ\u00e9e au Pecq dans les Yvelines (78230). Nous proposons un accompagnement sur-mesure avec un interlocuteur unique du d\u00e9but \u00e0 la fin pour un suivi personnalis\u00e9 et rigoureux, fond\u00e9 sur la proximit\u00e9, la transparence et la qualit\u00e9 de service.","breadcrumb":{"@id":"https:\/\/penverneimmo.fr\/index.php\/mentions-legales\/#breadcrumb"},"inLanguage":"fr-FR","potentialAction":[{"@type":"ReadAction","target":["https:\/\/penverneimmo.fr\/index.php\/mentions-legales\/"]}]},{"@type":"BreadcrumbList","@id":"https:\/\/penverneimmo.fr\/index.php\/mentions-legales\/#breadcrumb","itemListElement":[{"@type":"ListItem","position":1,"name":"Accueil","item":"https:\/\/penverneimmo.fr\/"},{"@type":"ListItem","position":2,"name":"Mentions L\u00e9gales"}]},{"@type":"WebSite","@id":"https:\/\/penverneimmo.fr\/#website","url":"https:\/\/penverneimmo.fr\/","name":"Penverne Immobilier","description":"L&#039;expertise d&#039;un accompagnement sur mesure","publisher":{"@id":"https:\/\/penverneimmo.fr\/#organization"},"potentialAction":[{"@type":"SearchAction","target":{"@type":"EntryPoint","urlTemplate":"https:\/\/penverneimmo.fr\/?s={search_term_string}"},"query-input":{"@type":"PropertyValueSpecification","valueRequired":true,"valueName":"search_term_string"}}],"inLanguage":"fr-FR"},{"@type":"Organization","@id":"https:\/\/penverneimmo.fr\/#organization","name":"Penverne Immobilier","url":"https:\/\/penverneimmo.fr\/","logo":{"@type":"ImageObject","inLanguage":"fr-FR","@id":"https:\/\/penverneimmo.fr\/#\/schema\/logo\/image\/","url":"https:\/\/penverneimmo.fr\/wp-content\/uploads\/2025\/05\/Logo_Penverne_Immobilier.webp","contentUrl":"https:\/\/penverneimmo.fr\/wp-content\/uploads\/2025\/05\/Logo_Penverne_Immobilier.webp","width":1800,"height":341,"caption":"Penverne Immobilier"},"image":{"@id":"https:\/\/penverneimmo.fr\/#\/schema\/logo\/image\/"}}]}},"_links":{"self":[{"href":"https:\/\/penverneimmo.fr\/index.php\/wp-json\/wp\/v2\/pages\/3","targetHints":{"allow":["GET"]}}],"collection":[{"href":"https:\/\/penverneimmo.fr\/index.php\/wp-json\/wp\/v2\/pages"}],"about":[{"href":"https:\/\/penverneimmo.fr\/index.php\/wp-json\/wp\/v2\/types\/page"}],"author":[{"embeddable":true,"href":"https:\/\/penverneimmo.fr\/index.php\/wp-json\/wp\/v2\/users\/1"}],"replies":[{"embeddable":true,"href":"https:\/\/penverneimmo.fr\/index.php\/wp-json\/wp\/v2\/comments?post=3"}],"version-history":[{"count":31,"href":"https:\/\/penverneimmo.fr\/index.php\/wp-json\/wp\/v2\/pages\/3\/revisions"}],"predecessor-version":[{"id":811,"href":"https:\/\/penverneimmo.fr\/index.php\/wp-json\/wp\/v2\/pages\/3\/revisions\/811"}],"wp:attachment":[{"href":"https:\/\/penverneimmo.fr\/index.php\/wp-json\/wp\/v2\/media?parent=3"}],"curies":[{"name":"wp","href":"https:\/\/api.w.org\/{rel}","templated":true}]}}